{"id":2,"date":"2020-09-28T11:00:22","date_gmt":"2020-09-28T09:00:22","guid":{"rendered":"http:\/\/pupitre.tech\/?page_id=2"},"modified":"2023-03-14T15:18:25","modified_gmt":"2023-03-14T14:18:25","slug":"page-d-exemple","status":"publish","type":"page","link":"https:\/\/pupitre.tech\/","title":{"rendered":"PUP.IT.RE"},"content":{"rendered":"\n<h2><strong>PUP.IT.RE<\/strong><\/h2>\n\n\n\n<p>PUP.IT.RE vous permet d&#8217;avoir un interlocuteur informatique local, d\u00e9di\u00e9, r\u00e9actif et capable de vous aider dans vos prises de d\u00e9cision informatiques et process.                                                                                                                                                          <\/p>\n\n\n\n<p><\/p>\n\n\n\n<p> Nous sommes \u00e0 votre service.<\/p>\n\n\n\n<p> <\/p>\n\n\n\n<p> <\/p>\n\n\n\n<p> <\/p>\n\n\n\n<h2>Transparence et qualit\u00e9<\/h2>\n\n\n\n<p>Nous savons combien il est difficile, pour une personne dont ce n&#8217;est pas le m\u00e9tier, de s\u00e9lectionner un prestataire informatique. <\/p>\n\n\n\n<p>Nous privil\u00e9gions la qualit\u00e9 et la transparence avant tout. <\/p>\n\n\n\n<p>Chaque prestation est pr\u00e9par\u00e9e, ex\u00e9cut\u00e9e et document\u00e9e, permettant \u00e0 vos \u00e9quipes et \u00e0 vous m\u00eame de monter en comp\u00e9tence sur ces sujets strat\u00e9giques. <\/p>\n","protected":false},"excerpt":{"rendered":"<p>PUP.IT.RE PUP.IT.RE vous permet d&#8217;avoir un interlocuteur informatique local, d\u00e9di\u00e9, r\u00e9actif et capable de vous aider dans vos prises de d\u00e9cision informatiques et process. Nous [&hellip;]<\/p>\n","protected":false},"author":1,"featured_media":0,"parent":0,"menu_order":0,"comment_status":"closed","ping_status":"open","template":"","meta":[],"_links":{"self":[{"href":"https:\/\/pupitre.tech\/index.php?rest_route=\/wp\/v2\/pages\/2"}],"collection":[{"href":"https:\/\/pupitre.tech\/index.php?rest_route=\/wp\/v2\/pages"}],"about":[{"href":"https:\/\/pupitre.tech\/index.php?rest_route=\/wp\/v2\/types\/page"}],"author":[{"embeddable":true,"href":"https:\/\/pupitre.tech\/index.php?rest_route=\/wp\/v2\/users\/1"}],"replies":[{"embeddable":true,"href":"https:\/\/pupitre.tech\/index.php?rest_route=%2Fwp%2Fv2%2Fcomments&post=2"}],"version-history":[{"count":12,"href":"https:\/\/pupitre.tech\/index.php?rest_route=\/wp\/v2\/pages\/2\/revisions"}],"predecessor-version":[{"id":111,"href":"https:\/\/pupitre.tech\/index.php?rest_route=\/wp\/v2\/pages\/2\/revisions\/111"}],"wp:attachment":[{"href":"https:\/\/pupitre.tech\/index.php?rest_route=%2Fwp%2Fv2%2Fmedia&parent=2"}],"curies":[{"name":"wp","href":"https:\/\/api.w.org\/{rel}","templated":true}]}}