{"id":54,"date":"2021-09-13T17:46:27","date_gmt":"2021-09-13T15:46:27","guid":{"rendered":"http:\/\/pupitre.tech\/?page_id=54"},"modified":"2023-03-14T15:12:23","modified_gmt":"2023-03-14T14:12:23","slug":"pharmacies","status":"publish","type":"page","link":"https:\/\/pupitre.tech\/?page_id=54","title":{"rendered":"PHARMACIES"},"content":{"rendered":"<div class=\"wp-block-image\">\n<figure class=\"aligncenter\"><img decoding=\"async\" loading=\"lazy\" width=\"500\" height=\"369\" src=\"http:\/\/pupitre.tech\/wp-content\/uploads\/2021\/09\/800x600_logo-pharmacie-2309.jpg\" alt=\"\" class=\"wp-image-55\" srcset=\"https:\/\/pupitre.tech\/wp-content\/uploads\/2021\/09\/800x600_logo-pharmacie-2309.jpg 500w, https:\/\/pupitre.tech\/wp-content\/uploads\/2021\/09\/800x600_logo-pharmacie-2309-300x221.jpg 300w\" sizes=\"(max-width: 500px) 100vw, 500px\" \/><\/figure><\/div>\n\n\n<p><\/p>\n\n\n\n<p><strong>Missions r\u00e9alis\u00e9es:<\/strong><\/p>\n\n\n\n<ul><li>Optimisation des achats \/ pr\u00e9vention des ruptures<\/li><li>Mise en place de reportings pour piloter vos marges \/ fixer vos prix de vente<\/li><li>Identification des sources de d\u00e9marque inconnue<\/li><li>Formation des \u00e9quipes au L.G.O VINDILIS<\/li><li>Maintenance informatique<\/li><li>Installation de WIFI <\/li><li>Mise en place de serveurs de fichiers. <\/li><li>Mise en place de contr\u00f4leurs d&#8217;acc\u00e8s pour les personnes<\/li><li>Mise en place d&#8217;un WMS ou logiciel de gestion d&#8217;entrep\u00f4t<\/li><li>Construction d&#8217;un espace de gestion\/ Validation et archivage \u00e9lectronique des factures Laboratoires et grossistes.<\/li><li>Mise en place d&#8217;Automates en partenariat avec Mekapharm<\/li><li>Cr\u00e9ation d&#8217;une logistique sur mesure et d\u00e9port\u00e9e<\/li><\/ul>\n","protected":false},"excerpt":{"rendered":"<p>Missions r\u00e9alis\u00e9es: Optimisation des achats \/ pr\u00e9vention des ruptures Mise en place de reportings pour piloter vos marges \/ fixer vos prix de vente Identification [&hellip;]<\/p>\n","protected":false},"author":1,"featured_media":0,"parent":0,"menu_order":0,"comment_status":"closed","ping_status":"closed","template":"","meta":[],"_links":{"self":[{"href":"https:\/\/pupitre.tech\/index.php?rest_route=\/wp\/v2\/pages\/54"}],"collection":[{"href":"https:\/\/pupitre.tech\/index.php?rest_route=\/wp\/v2\/pages"}],"about":[{"href":"https:\/\/pupitre.tech\/index.php?rest_route=\/wp\/v2\/types\/page"}],"author":[{"embeddable":true,"href":"https:\/\/pupitre.tech\/index.php?rest_route=\/wp\/v2\/users\/1"}],"replies":[{"embeddable":true,"href":"https:\/\/pupitre.tech\/index.php?rest_route=%2Fwp%2Fv2%2Fcomments&post=54"}],"version-history":[{"count":3,"href":"https:\/\/pupitre.tech\/index.php?rest_route=\/wp\/v2\/pages\/54\/revisions"}],"predecessor-version":[{"id":109,"href":"https:\/\/pupitre.tech\/index.php?rest_route=\/wp\/v2\/pages\/54\/revisions\/109"}],"wp:attachment":[{"href":"https:\/\/pupitre.tech\/index.php?rest_route=%2Fwp%2Fv2%2Fmedia&parent=54"}],"curies":[{"name":"wp","href":"https:\/\/api.w.org\/{rel}","templated":true}]}}