{"id":60,"date":"2021-09-13T17:57:47","date_gmt":"2021-09-13T15:57:47","guid":{"rendered":"http:\/\/pupitre.tech\/?page_id=60"},"modified":"2023-03-14T15:25:39","modified_gmt":"2023-03-14T14:25:39","slug":"dechetteries-metiers-de-lenvironnement","status":"publish","type":"page","link":"https:\/\/pupitre.tech\/?page_id=60","title":{"rendered":"DECHETTERIES \/ METIERS DE L&#8217;ENVIRONNEMENT"},"content":{"rendered":"\n<figure class=\"is-layout-flex wp-block-gallery-1 wp-block-gallery has-nested-images columns-default is-cropped\">\n<figure class=\"wp-block-image\"><img decoding=\"async\" loading=\"lazy\" width=\"355\" height=\"225\" data-id=\"61\"  src=\"http:\/\/pupitre.tech\/wp-content\/uploads\/2021\/09\/BB-PLATEFORME-1.jpg\" alt=\"\" class=\"wp-image-61\" srcset=\"https:\/\/pupitre.tech\/wp-content\/uploads\/2021\/09\/BB-PLATEFORME-1.jpg 355w, https:\/\/pupitre.tech\/wp-content\/uploads\/2021\/09\/BB-PLATEFORME-1-300x190.jpg 300w\" sizes=\"(max-width: 355px) 100vw, 355px\" \/><\/figure>\n\n\n\n<figure class=\"wp-block-image\"><img decoding=\"async\" loading=\"lazy\" width=\"350\" height=\"225\" data-id=\"62\"  src=\"http:\/\/pupitre.tech\/wp-content\/uploads\/2021\/09\/BB-FER-ET-METAUX-1.jpg\" alt=\"\" class=\"wp-image-62\" srcset=\"https:\/\/pupitre.tech\/wp-content\/uploads\/2021\/09\/BB-FER-ET-METAUX-1.jpg 350w, https:\/\/pupitre.tech\/wp-content\/uploads\/2021\/09\/BB-FER-ET-METAUX-1-300x193.jpg 300w\" sizes=\"(max-width: 350px) 100vw, 350px\" \/><\/figure>\n<\/figure>\n\n\n\n<p>Int\u00e9gration et d\u00e9veloppement de solutions m\u00e9tier:<\/p>\n\n\n\n<ul><li> Gestion des d\u00e9chets de chantiers, <\/li><li>Gestion des D\u00e9chets Dangereux, <\/li><li>achat des m\u00e9taux aux professionnels et\/ou aux particuliers.<br>Traitement des VHU. <\/li><\/ul>\n\n\n\n<ul><li>D\u00e9ploiement d&#8217;interface avec la solution gouvernementale Trackd\u00e9chets. Digitalisation du BSD.<\/li><\/ul>\n\n\n\n<ul><li>D\u00e9ploiement d&#8217;applications de mobilit\u00e9 (Chauffeurs et tri sur le chantier) <\/li><\/ul>\n\n\n\n<ul><li>Architecture et Supervision du r\u00e9seau.<\/li><\/ul>\n\n\n\n<p><\/p>\n","protected":false},"excerpt":{"rendered":"<p>Int\u00e9gration et d\u00e9veloppement de solutions m\u00e9tier: Gestion des d\u00e9chets de chantiers, Gestion des D\u00e9chets Dangereux, achat des m\u00e9taux aux professionnels et\/ou aux particuliers.Traitement des VHU. [&hellip;]<\/p>\n","protected":false},"author":1,"featured_media":0,"parent":0,"menu_order":0,"comment_status":"closed","ping_status":"closed","template":"","meta":[],"_links":{"self":[{"href":"https:\/\/pupitre.tech\/index.php?rest_route=\/wp\/v2\/pages\/60"}],"collection":[{"href":"https:\/\/pupitre.tech\/index.php?rest_route=\/wp\/v2\/pages"}],"about":[{"href":"https:\/\/pupitre.tech\/index.php?rest_route=\/wp\/v2\/types\/page"}],"author":[{"embeddable":true,"href":"https:\/\/pupitre.tech\/index.php?rest_route=\/wp\/v2\/users\/1"}],"replies":[{"embeddable":true,"href":"https:\/\/pupitre.tech\/index.php?rest_route=%2Fwp%2Fv2%2Fcomments&post=60"}],"version-history":[{"count":4,"href":"https:\/\/pupitre.tech\/index.php?rest_route=\/wp\/v2\/pages\/60\/revisions"}],"predecessor-version":[{"id":118,"href":"https:\/\/pupitre.tech\/index.php?rest_route=\/wp\/v2\/pages\/60\/revisions\/118"}],"wp:attachment":[{"href":"https:\/\/pupitre.tech\/index.php?rest_route=%2Fwp%2Fv2%2Fmedia&parent=60"}],"curies":[{"name":"wp","href":"https:\/\/api.w.org\/{rel}","templated":true}]}}